{"id":1232,"date":"2025-10-23T07:19:56","date_gmt":"2025-10-23T07:19:56","guid":{"rendered":"https:\/\/demo.7iquid.com\/apexus\/?page_id=1232"},"modified":"2026-03-25T06:16:24","modified_gmt":"2026-03-25T06:16:24","slug":"grille-de-services","status":"publish","type":"page","link":"https:\/\/tuf-international.com\/fr\/services-grid\/","title":{"rendered":"Services"},"content":{"rendered":"<div data-elementor-type=\"wp-page\" data-elementor-id=\"1232\" class=\"elementor elementor-1232\">\n\t\t\t\t<div class=\"elementor-element elementor-element-81cfd85 e-flex e-con-boxed e-con e-parent\" data-id=\"81cfd85\" data-element_type=\"container\" data-e-type=\"container\">\n\t\t\t\t\t\t\t<div class=\"e-con-inner\">\n\t\t<div class=\"elementor-element elementor-element-81519e7 e-con-full e-flex e-con e-child\" data-id=\"81519e7\" data-element_type=\"container\" data-e-type=\"container\">\n\t\t\t\t<div class=\"elementor-element elementor-element-65d8d59 e-con-full e-flex e-con e-child\" data-id=\"65d8d59\" data-element_type=\"container\" data-e-type=\"container\">\n\t\t\t\t<div class=\"elementor-element elementor-element-bbee4c8 e-con-full e-flex e-con e-child\" data-id=\"bbee4c8\" data-element_type=\"container\" data-e-type=\"container\">\n\t\t\t\t\t\t<div class=\"pxl-border-wg-anm elementor-element elementor-element-27dede5 elementor-widget__width-auto elementor-widget elementor-widget-pxl_divider\" data-id=\"27dede5\" data-element_type=\"widget\" data-e-type=\"widget\" data-widget_type=\"pxl_divider.default\">\n\t\t\t\t<div class=\"elementor-widget-container\">\n\t\t\t\t\t<div class=\"pxl-border-animated num-1\">\r\n        <div class=\"pxl-border-anm bt w-100  bw-no\" style=\"--bd-width: 0px 0 0 0; border-style: solid; border-color: #2458F6;\"><\/div>\r\n        <div class=\"pxl-border-anm br h-100  bw-no\" style=\"--bd-width: 0 0px 0 0; border-style: solid; border-color: #2458F6;\"><\/div>\r\n        <div class=\"pxl-border-anm bb w-100  bw-no\" style=\"--bd-width: 0 0 0px 0; border-style: solid; border-color: #2458F6;\"><\/div>\r\n        <div class=\"pxl-border-anm bl h-100  bw-yes\" style=\"--bd-width: 0 0 0 2px; border-style: solid; border-color: #2458F6;\"><\/div>\r\n        <\/div>\n<div class=\"pxl-widget-divider\">\n\t<div class=\"pxl-divider\">\n\t<\/div>\n<\/div>\t\t\t\t<\/div>\n\t\t\t\t<\/div>\n\t\t\t\t<div class=\"elementor-element elementor-element-cafbb14 elementor-widget elementor-widget-pxl_text_editor\" data-id=\"cafbb14\" data-element_type=\"widget\" data-e-type=\"widget\" data-widget_type=\"pxl_text_editor.default\">\n\t\t\t\t<div class=\"elementor-widget-container\">\n\t\t\t\t\t<div id=\"pxl_text_editor-cafbb14-4956\" class=\"pxl-text-editor-wrap d-flex\" >\n\t<div class=\"pxl-text-editor elementor-clearfix pxl-split-text split-in-right\">\n\t\t<p>Solutions<\/p>\t\t\n\t<\/div>\n<\/div>\t\t\t\t<\/div>\n\t\t\t\t<\/div>\n\t\t\t\t<\/div>\n\t\t\t\t<div class=\"elementor-element elementor-element-cf1e595 elementor-widget elementor-widget-pxl_heading\" data-id=\"cf1e595\" data-element_type=\"widget\" data-e-type=\"widget\" data-widget_type=\"pxl_heading.default\">\n\t\t\t\t<div class=\"elementor-widget-container\">\n\t\t\t\t\t<div id=\"pxl-pxl_heading-cf1e595-9690\" class=\"pxl-heading-wrap d-flex\">\n    <div class=\"pxl-heading-inner\" >\n        <h1 class=\"heading-title pxl-split-text split-in-right\">\n            Secteurs d'activit\u00e9                    <\/h1>\n            <\/div>\n<\/div>\n\n\t\t\t\t<\/div>\n\t\t\t\t<\/div>\n\t\t\t\t<\/div>\n\t\t<div class=\"elementor-element elementor-element-72294c1 e-con-full e-flex e-con e-child\" data-id=\"72294c1\" data-element_type=\"container\" data-e-type=\"container\">\n\t\t\t\t\t\t<div class=\"elementor-element elementor-element-8e33fd0 elementor-widget elementor-widget-pxl_services_list\" data-id=\"8e33fd0\" data-element_type=\"widget\" data-e-type=\"widget\" data-widget_type=\"pxl_services_list.default\">\n\t\t\t\t<div class=\"elementor-widget-container\">\n\t\t\t\t\t    <div class=\"pxl-services-list layout-1\">\r\n                    <div class=\"item-inner relative row\">\r\n                <div class=\"box-image col-5\">\r\n                                            <div class=\"item-image col-auto\">\r\n                            <img fetchpriority=\"high\" decoding=\"async\" class=\"no-lazyload\" src=\"https:\/\/tuf-international.com\/wp-content\/uploads\/2026\/03\/imgi_2_industry-energy-1-scaled-526x400.webp\" width=\"526\" height=\"400\" alt=\"Inspection de plong\u00e9e commerciale dans une installation \u00e9nerg\u00e9tique industrielle \u2014 TUF International\" title=\"imgi_2_industrie-\u00e9nergie\" \/>                            <span class=\"item-number\">01<\/span>\r\n                        <\/div>\r\n                                    <\/div>\r\n                <div class=\"col-7\">\r\n                    <div class=\"box-content\">\r\n                        <div class=\"item-subtitle\">S\u00fbr, s\u00e9curis\u00e9 et \u00e9volutif<\/div> \r\n                        <div class=\"title-des\">\r\n                            <h5 class=\"item-title\">Industrie et \u00c9nergie<\/h5>\r\n                            <div class=\"item-description\">Nos plongeurs r\u00e9alisent des inspections, des maintenances et des r\u00e9parations sur les infrastructures critiques dans les secteurs industriel et \u00e9nerg\u00e9tique \u2013 de mani\u00e8re fiable et pr\u00e9cise.<\/div>  \r\n                        <\/div>\r\n                    <\/div>\r\n                <\/div>\r\n            <\/div>\r\n                    <div class=\"item-inner relative row\">\r\n                <div class=\"box-image col-5\">\r\n                                            <div class=\"item-image col-auto\">\r\n                            <img decoding=\"async\" class=\"no-lazyload\" src=\"https:\/\/tuf-international.com\/wp-content\/uploads\/2026\/03\/imgi_3_civil-engineering-526x400.webp\" width=\"526\" height=\"400\" alt=\"Soutien \u00e0 la plong\u00e9e en g\u00e9nie civil sous-marin pour les infrastructures de tunnels sous pression \u2014 TUF International\" title=\"g\u00e9nie civil\" \/>                            <span class=\"item-number\">02<\/span>\r\n                        <\/div>\r\n                                    <\/div>\r\n                <div class=\"col-7\">\r\n                    <div class=\"box-content\">\r\n                        <div class=\"item-subtitle\"><\/div> \r\n                        <div class=\"title-des\">\r\n                            <h5 class=\"item-title\">G\u00e9nie civil et infrastructures<\/h5>\r\n                            <div class=\"item-description\">Nous soutenons des travaux sous-marins complexes dans des projets de g\u00e9nie structurel et civil \u2013 m\u00eame dans des conditions extr\u00eames comme une visibilit\u00e9 nulle ou des environnements sous pression.<\/div>  \r\n                        <\/div>\r\n                    <\/div>\r\n                <\/div>\r\n            <\/div>\r\n                    <div class=\"item-inner relative row\">\r\n                <div class=\"box-image col-5\">\r\n                                            <div class=\"item-image col-auto\">\r\n                            <img decoding=\"async\" class=\"no-lazyload\" src=\"https:\/\/tuf-international.com\/wp-content\/uploads\/2026\/03\/imgi_4_water-wastewater-526x400.webp\" width=\"526\" height=\"400\" alt=\"Plongeur d&#039;entreprise de services publics d&#039;eau et d&#039;eaux us\u00e9es \u2014 Inspection d&#039;usine de traitement TUF International\" title=\"imgi_4_eau-eaux us\u00e9es\" \/>                            <span class=\"item-number\">03<\/span>\r\n                        <\/div>\r\n                                    <\/div>\r\n                <div class=\"col-7\">\r\n                    <div class=\"box-content\">\r\n                        <div class=\"item-subtitle\"><\/div> \r\n                        <div class=\"title-des\">\r\n                            <h5 class=\"item-title\">Services d'eau et d'eaux us\u00e9es<\/h5>\r\n                            <div class=\"item-description\">Nous effectuons des travaux de plong\u00e9e dans les usines de traitement des eaux us\u00e9es et les syst\u00e8mes d'eau potable \u2013 y compris les inspections, le nettoyage et les r\u00e9parations dans des environnements difficiles d'acc\u00e8s ou contamin\u00e9s.<\/div>  \r\n                        <\/div>\r\n                    <\/div>\r\n                <\/div>\r\n            <\/div>\r\n                    <div class=\"item-inner relative row\">\r\n                <div class=\"box-image col-5\">\r\n                                            <div class=\"item-image col-auto\">\r\n                            <img loading=\"lazy\" decoding=\"async\" class=\"no-lazyload\" src=\"https:\/\/tuf-international.com\/wp-content\/uploads\/2026\/03\/imgi_5_chemical-facility-scaled-526x400.webp\" width=\"526\" height=\"400\" alt=\"Services de plong\u00e9e en installations chimiques \u2014 Inspection et maintenance sous-marines par TUF International pour les usines industrielles\" title=\"instalaci\u00f3n qu\u00edmica\" \/>                            <span class=\"item-number\">04<\/span>\r\n                        <\/div>\r\n                                    <\/div>\r\n                <div class=\"col-7\">\r\n                    <div class=\"box-content\">\r\n                        <div class=\"item-subtitle\"><\/div> \r\n                        <div class=\"title-des\">\r\n                            <h5 class=\"item-title\">Installation chimique<\/h5>\r\n                            <div class=\"item-description\">Nos \u00e9quipes certifi\u00e9es effectuent des travaux sous-marins dans les installations chimiques et industrielles, en mettant l'accent sur la s\u00e9curit\u00e9, le contr\u00f4le de la contamination et le respect de la r\u00e9glementation environnementale.<\/div>  \r\n                        <\/div>\r\n                    <\/div>\r\n                <\/div>\r\n            <\/div>\r\n                    <div class=\"item-inner relative row\">\r\n                <div class=\"box-image col-5\">\r\n                                            <div class=\"item-image col-auto\">\r\n                            <img loading=\"lazy\" decoding=\"async\" class=\"no-lazyload\" src=\"https:\/\/tuf-international.com\/wp-content\/uploads\/2026\/03\/imgi_6_ports-harbor-scaled-526x400.webp\" width=\"526\" height=\"400\" alt=\"Services de plong\u00e9e commerciale pour ports et havres \u2014 TUF International inspection et r\u00e9paration sous-marine des infrastructures maritimes\" title=\"imgi_6_ports-harbor\" \/>                            <span class=\"item-number\">05<\/span>\r\n                        <\/div>\r\n                                    <\/div>\r\n                <div class=\"col-7\">\r\n                    <div class=\"box-content\">\r\n                        <div class=\"item-subtitle\"><\/div> \r\n                        <div class=\"title-des\">\r\n                            <h5 class=\"item-title\">Ports et havres<\/h5>\r\n                            <div class=\"item-description\">Nous fournissons des services de plong\u00e9e pour les ouvrages portuaires, les quais, les syst\u00e8mes d'amarrage et autres infrastructures portuaires \u2013 en toute s\u00e9curit\u00e9 et efficacit\u00e9 dans des conditions de mar\u00e9e et confin\u00e9es.<\/div>  \r\n                        <\/div>\r\n                    <\/div>\r\n                <\/div>\r\n            <\/div>\r\n            <\/div>\r\n\t\t\t\t<\/div>\n\t\t\t\t<\/div>\n\t\t\t\t<\/div>\n\t\t\t\t<\/div>\n\t\t\t\t\t<\/div>\n\t\t\t\t<\/div>\n\t\t\t\t<\/div>","protected":false},"excerpt":{"rendered":"<p>Solutions Industries Served 01 Safe, Secure, and Scalable Industry &#038; Energy Our divers carry out inspections, maintenance, and repairs on critical infrastructure in the industrial and energy sectors \u2013 reliably and precisely. 02 Civil Engineering &#038; Infrastructure We support complex underwater work in structural and civil engineering projects \u2013 even under extreme conditions like zero [&hellip;]<\/p>\n","protected":false},"author":1,"featured_media":0,"parent":0,"menu_order":0,"comment_status":"closed","ping_status":"closed","template":"","meta":{"footnotes":""},"class_list":["post-1232","page","type-page","status-publish","hentry"],"_links":{"self":[{"href":"https:\/\/tuf-international.com\/fr\/wp-json\/wp\/v2\/pages\/1232","targetHints":{"allow":["GET"]}}],"collection":[{"href":"https:\/\/tuf-international.com\/fr\/wp-json\/wp\/v2\/pages"}],"about":[{"href":"https:\/\/tuf-international.com\/fr\/wp-json\/wp\/v2\/types\/page"}],"author":[{"embeddable":true,"href":"https:\/\/tuf-international.com\/fr\/wp-json\/wp\/v2\/users\/1"}],"replies":[{"embeddable":true,"href":"https:\/\/tuf-international.com\/fr\/wp-json\/wp\/v2\/comments?post=1232"}],"version-history":[{"count":13,"href":"https:\/\/tuf-international.com\/fr\/wp-json\/wp\/v2\/pages\/1232\/revisions"}],"predecessor-version":[{"id":8864,"href":"https:\/\/tuf-international.com\/fr\/wp-json\/wp\/v2\/pages\/1232\/revisions\/8864"}],"wp:attachment":[{"href":"https:\/\/tuf-international.com\/fr\/wp-json\/wp\/v2\/media?parent=1232"}],"curies":[{"name":"wp","href":"https:\/\/api.w.org\/{rel}","templated":true}]}}