{"id":9481,"date":"2026-04-20T11:59:00","date_gmt":"2026-04-20T11:59:00","guid":{"rendered":"https:\/\/tuf-international.com\/?page_id=9481"},"modified":"2026-04-21T04:35:58","modified_gmt":"2026-04-21T04:35:58","slug":"aviso-legal-politica-de-privacidad","status":"publish","type":"page","link":"https:\/\/tuf-international.com\/es\/legal-notice-privacy-policy\/","title":{"rendered":"Aviso Legal y Pol\u00edtica de Privacidad"},"content":{"rendered":"<div data-elementor-type=\"wp-page\" data-elementor-id=\"9481\" class=\"elementor elementor-9481\">\n\t\t\t\t<div class=\"elementor-element elementor-element-ef954a5 e-flex e-con-boxed e-con e-parent\" data-id=\"ef954a5\" data-element_type=\"container\" data-e-type=\"container\">\n\t\t\t\t\t\t\t<div class=\"e-con-inner\">\n\t\t\t\t<div class=\"elementor-element elementor-element-263d006 elementor-widget elementor-widget-pxl_heading\" data-id=\"263d006\" data-element_type=\"widget\" data-e-type=\"widget\" data-widget_type=\"pxl_heading.default\">\n\t\t\t\t<div class=\"elementor-widget-container\">\n\t\t\t\t\t<div id=\"pxl-pxl_heading-263d006-8164\" class=\"pxl-heading-wrap d-flex\">\n    <div class=\"pxl-heading-inner til-gradient\" >\n        <h1 class=\"heading-title\">\n            Aviso Legal y Pol\u00edtica de Privacidad                    <\/h1>\n            <\/div>\n<\/div>\n\n\t\t\t\t<\/div>\n\t\t\t\t<\/div>\n\t\t\t\t\t<\/div>\n\t\t\t\t<\/div>\n\t\t<div class=\"elementor-element elementor-element-444642a e-flex e-con-boxed e-con e-parent\" data-id=\"444642a\" data-element_type=\"container\" data-e-type=\"container\">\n\t\t\t\t\t\t\t<div class=\"e-con-inner\">\n\t\t\t\t<div class=\"elementor-element elementor-element-47f34d1 elementor-widget elementor-widget-pxl_text_editor\" data-id=\"47f34d1\" data-element_type=\"widget\" data-e-type=\"widget\" data-widget_type=\"pxl_text_editor.default\">\n\t\t\t\t<div class=\"elementor-widget-container\">\n\t\t\t\t\t<div id=\"pxl_text_editor-47f34d1-1984\" class=\"pxl-text-editor-wrap d-flex\" >\n\t<div class=\"pxl-text-editor elementor-clearfix\">\n\t\t<p>Aviso legal conforme al art\u00edculo 5 DDG<br \/>Informaci\u00f3n proporcionada de conformidad con el art\u00edculo 5 de la Ley de Servicios Digitales (DDG):<\/p><p>TUF-International (Negocio Unipersonal)<br \/>Propietario: Thomas Hochstrate<br \/>Sonnenweg 11<br \/>60529 Fr\u00e1ncfort del Meno<br \/>Correo electr\u00f3nico: hochstrate@tuf-international.com<br \/>Opci\u00f3n de contacto electr\u00f3nico adicional: Formulario de contacto en este sitio web<\/p><p>N\u00famero de identificaci\u00f3n fiscal a efectos del IVA seg\u00fan el \u00a7 27a de la Ley alemana del IVA (UStG): DE303786669<\/p><p>La empresa es una sociedad unipersonal y no est\u00e1 inscrita en el Registro Mercantil (no se requiere inscripci\u00f3n en el Registro Mercantil).<\/p><p>2. Pol\u00edtica de privacidad (RGPD)<br \/>Introducci\u00f3n<br \/>En TUF-International, nos tomamos muy en serio la protecci\u00f3n de sus datos personales y los procesamos de manera confidencial, as\u00ed como de acuerdo con las normativas legales de protecci\u00f3n de datos (en particular el RGPD) y esta Pol\u00edtica de Privacidad. Nuestros servicios se dirigen a clientes empresariales (B2B); tratamos los datos personales de las personas de contacto con el mismo nivel de cuidado. Los datos se recopilan solo para fines espec\u00edficos y se utilizan \u00fanicamente para esos fines previstos.<\/p><p>Entidad responsable<br \/>TUF-International, Propietario Thomas Hochstrate<br \/>Sonnenweg 11, 60529 Frankfurt del Meno<br \/>Correo electr\u00f3nico: hochstrate@tuf-international.com<br \/>La entidad responsable decide, sola o conjuntamente con otras, los fines y los medios del tratamiento de datos personales.<\/p><p>Archivos de registro de alojamiento y servidores<br \/>Nuestro sitio web est\u00e1 alojado por Strato AG, Otto-Ostrowski-Stra\u00dfe 7, 10249 Berl\u00edn. Cuando visita nuestro sitio web, los archivos de registro del servidor procesan, entre otras cosas, su direcci\u00f3n IP, fecha\/hora, tipo\/versi\u00f3n del navegador, sistema operativo y URL de referencia para garantizar un funcionamiento seguro. Tenemos un acuerdo de procesamiento de datos con Strato de acuerdo con el Art. 28 del RGPD. Base legal: inter\u00e9s leg\u00edtimo en la prestaci\u00f3n segura y fiable de nuestros servicios (Art. 6 p\u00e1rr. 1 lit. f del RGPD). Los datos de registro se eliminan autom\u00e1ticamente tras un per\u00edodo de retenci\u00f3n est\u00e1ndar, a menos que se requiera un almacenamiento m\u00e1s prolongado por motivos de seguridad.<\/p><p>Formulario de Contacto y Cont\u00e1ctenos<br \/>Cuando utilizas el formulario de contacto, procesamos los datos que introduces (nombre, correo electr\u00f3nico, n\u00famero de tel\u00e9fono\/empresa opcional y tu mensaje) con el fin de gestionar tu consulta y contactarte.<\/p><p>Prop\u00f3sito: \u00danicamente para procesar su consulta y cualquier pregunta de seguimiento; ning\u00fan otro uso sin su consentimiento expreso.<br \/>Base legal: Art. 6 p\u00e1rr. 1 letra b GDPR (medidas precontractuales\/ejecuci\u00f3n del contrato, en su caso) o Art. 6 p\u00e1rr. 1 letra f GDPR (inter\u00e9s leg\u00edtimo en la tramitaci\u00f3n eficiente de las consultas); en su caso, Art. 6 p\u00e1rr. 1 letra a GDPR (consentimiento, revocable en cualquier momento).<br \/>Per\u00edodo de retenci\u00f3n: Hasta que la consulta se resuelva completamente; en casos que involucren una relaci\u00f3n contractual, de acuerdo con los per\u00edodos de retenci\u00f3n legales; eliminaci\u00f3n a solicitud, siempre que no existan obligaciones legales o intereses primordiales en conflicto.<br \/>Divulgaci\u00f3n: Por regla general, los datos no se divulgan a terceros, excepto cuando sea necesario para dar respuesta a su consulta o cuando lo exija la ley.<br \/>Ninguna herramienta de an\u00e1lisis o seguimiento<br \/>No empleamos herramientas de an\u00e1lisis web (por ejemplo, Google Analytics, Matomo), creamos perfiles de usuario ni realizamos mediciones ni seguimiento de la audiencia. Utilizamos \u00fanicamente cookies t\u00e9cnicamente necesarias (por ejemplo, cookies de sesi\u00f3n para el formulario de contacto). Estas no se utilizan con fines de seguimiento o marketing y no se comparten con terceros. Seg\u00fan la normativa legal vigente, no se requiere consentimiento para las cookies t\u00e9cnicamente necesarias (Art. 6, p\u00e1rr. 1, letra f del RGPD en conjunci\u00f3n con \u00a7 25, p\u00e1rr. 2 TTDSG\/TDDDG). En consecuencia, no es necesario un banner de cookies. Ninguna integraci\u00f3n de servicios externos.<br \/>No se integra ning\u00fan contenido externo de terceros (por ejemplo, Google Maps, Google Fonts, YouTube, complementos sociales) que transmita datos personales a terceros al acceder a la p\u00e1gina. En caso de que integremos dichos servicios en el futuro, lo notificaremos previamente (incluida, en su caso, la obtenci\u00f3n de su consentimiento) y actualizaremos esta declaraci\u00f3n en consecuencia.<\/p><p>Tus Derechos (RGPD)<br \/>Derecho de Acceso (Art. 15 RGPD)<br \/>Derecho de Rectificaci\u00f3n (Art. 16 RGPD)<br \/>Derecho de supresi\u00f3n (Art\u00edculo 17 RGPD)<br \/>Derecho a la limitaci\u00f3n del tratamiento (art\u00edculo 18 RGPD)<br \/>Derecho a la portabilidad de los datos (art\u00edculo 20 del RGPD)<br \/>Derecho de oposici\u00f3n (art\u00edculo 21 del RGPD) al tratamiento basado en intereses leg\u00edtimos; y a la comercializaci\u00f3n directa en cualquier momento.<br \/>Retirada del Consentimiento (Art. 7 Apartado 3 RGPD) con efecto para el futuro.<br \/>Derecho a presentar una reclamaci\u00f3n (art\u00edculo 77 del RGPD) ante una autoridad de control en materia de protecci\u00f3n de datos (por ejemplo, en Hesse: HBDI).<br \/>Para ejercer sus derechos, p\u00f3ngase en contacto con nosotros utilizando los datos de contacto proporcionados anteriormente (preferiblemente por correo electr\u00f3nico).<\/p><p>Seguridad de datos<br \/>Implementamos medidas t\u00e9cnicas y organizativas para proteger sus datos contra manipulaci\u00f3n, p\u00e9rdida, destrucci\u00f3n o acceso no autorizado. A pesar de las mejoras continuas, la transmisi\u00f3n de datos a trav\u00e9s de Internet a\u00fan puede estar sujeta a vulnerabilidades de seguridad.<\/p><p>Cambios a esta Declaraci\u00f3n<br \/>Nos reservamos el derecho de actualizar esta Pol\u00edtica de Privacidad seg\u00fan sea necesario (por ejemplo, en caso de cambios en nuestros servicios, tecnolog\u00eda o el marco legal). Se aplicar\u00e1 la versi\u00f3n vigente en el momento del acceso; los cambios significativos se resaltar\u00e1n claramente.<\/p><p>Nota: Esta declaraci\u00f3n reemplaza<\/p>\t\t\n\t<\/div>\n<\/div>\t\t\t\t<\/div>\n\t\t\t\t<\/div>\n\t\t<div class=\"elementor-element elementor-element-8eee4c6 e-con-full sidebar-sticky-wrap e-flex e-con e-child\" data-id=\"8eee4c6\" data-element_type=\"container\" data-e-type=\"container\">\n\t\t\t\t\t\t<div class=\"elementor-element elementor-element-da7961f elementor-widget elementor-widget-pxl_heading\" data-id=\"da7961f\" data-element_type=\"widget\" data-e-type=\"widget\" data-widget_type=\"pxl_heading.default\">\n\t\t\t\t<div class=\"elementor-widget-container\">\n\t\t\t\t\t<div id=\"pxl-pxl_heading-da7961f-5396\" class=\"pxl-heading-wrap d-flex\">\n    <div class=\"pxl-heading-inner til-gradient\" >\n        <h2 class=\"heading-title\">\n            Buscando soporte submarino confiable                    <\/h2>\n            <\/div>\n<\/div>\n\n\t\t\t\t<\/div>\n\t\t\t\t<\/div>\n\t\t\t\t<div class=\"elementor-element elementor-element-75cd665 elementor-widget elementor-widget-pxl_contact_form\" data-id=\"75cd665\" data-element_type=\"widget\" data-e-type=\"widget\" data-widget_type=\"pxl_contact_form.default\">\n\t\t\t\t<div class=\"elementor-widget-container\">\n\t\t\t\t\t<div class=\"pxl-cf7-wrap relative\">\r\n    <p class=\"wpcf7-contact-form-not-found\"><strong>Error:<\/strong> Formulario de contacto no encontrado.<\/p> \r\n<\/div>\t\t\t\t<\/div>\n\t\t\t\t<\/div>\n\t\t\t\t<\/div>\n\t\t\t\t\t<\/div>\n\t\t\t\t<\/div>\n\t\t\t\t<\/div>","protected":false},"excerpt":{"rendered":"<p>Legal Notice &#038; Privacy Policy 1. Legal Notice pursuant to 5 DDGInformation provided in accordance with \u00a7 5 of the Digital Services Act (DDG): TUF-International (Sole Proprietorship)Owner: Thomas HochstrateSonnenweg 1160529 Frankfurt am MainE-Mail: hochstrate@tuf-international.comAdditional electronic contact option: Contact form on this website VAT Identification Number pursuant to \u00a7 27a UStG (German VAT Act): DE303786669 The [&hellip;]<\/p>\n","protected":false},"author":1,"featured_media":0,"parent":0,"menu_order":0,"comment_status":"closed","ping_status":"closed","template":"","meta":{"footnotes":""},"class_list":["post-9481","page","type-page","status-publish","hentry"],"_links":{"self":[{"href":"https:\/\/tuf-international.com\/es\/wp-json\/wp\/v2\/pages\/9481","targetHints":{"allow":["GET"]}}],"collection":[{"href":"https:\/\/tuf-international.com\/es\/wp-json\/wp\/v2\/pages"}],"about":[{"href":"https:\/\/tuf-international.com\/es\/wp-json\/wp\/v2\/types\/page"}],"author":[{"embeddable":true,"href":"https:\/\/tuf-international.com\/es\/wp-json\/wp\/v2\/users\/1"}],"replies":[{"embeddable":true,"href":"https:\/\/tuf-international.com\/es\/wp-json\/wp\/v2\/comments?post=9481"}],"version-history":[{"count":7,"href":"https:\/\/tuf-international.com\/es\/wp-json\/wp\/v2\/pages\/9481\/revisions"}],"predecessor-version":[{"id":9490,"href":"https:\/\/tuf-international.com\/es\/wp-json\/wp\/v2\/pages\/9481\/revisions\/9490"}],"wp:attachment":[{"href":"https:\/\/tuf-international.com\/es\/wp-json\/wp\/v2\/media?parent=9481"}],"curies":[{"name":"wp","href":"https:\/\/api.w.org\/{rel}","templated":true}]}}