{"id":593,"date":"2025-10-17T01:26:57","date_gmt":"2025-10-17T01:26:57","guid":{"rendered":"https:\/\/demo.7iquid.com\/apexus\/?page_id=593"},"modified":"2025-10-17T01:26:57","modified_gmt":"2025-10-17T01:26:57","slug":"preguntas-frecuentes","status":"publish","type":"page","link":"https:\/\/tuf-international.com\/es\/faqs\/","title":{"rendered":"Preguntas frecuentes"},"content":{"rendered":"<div data-elementor-type=\"wp-page\" data-elementor-id=\"593\" class=\"elementor elementor-593\">\n\t\t\t\t<div class=\"elementor-element elementor-element-d0e19d8 e-con-full e-flex e-con e-parent\" data-id=\"d0e19d8\" data-element_type=\"container\" data-e-type=\"container\">\n\t\t\t\t<div class=\"elementor-element elementor-element-3ebd1f9 e-con-full e-flex e-con e-child\" data-id=\"3ebd1f9\" data-element_type=\"container\" data-e-type=\"container\" data-settings=\"{&quot;background_background&quot;:&quot;classic&quot;}\">\n\t\t\t\t\t\t<div class=\"elementor-element elementor-element-3a26c7a pxl-anm-pxl_fadeInUp pxl-invisible elementor-widget elementor-widget-pxl_page_title\" data-id=\"3a26c7a\" data-element_type=\"widget\" data-e-type=\"widget\" data-settings=\"{&quot;pxl_animation&quot;:&quot;pxl_fadeInUp&quot;,&quot;pxl_from_opacity&quot;:0,&quot;pxl_to_opacity&quot;:1}\" data-widget_type=\"pxl_page_title.default\">\n\t\t\t\t<div class=\"elementor-widget-container\">\n\t\t\t\t\t<div class=\"pxl-pt-wrap d-flex\">\r\n    <div class=\"pxl-page-title-inner\">\r\n        <div class=\"pxl-page-title\">\r\n            <h1 class=\"main-title\">Preguntas frecuentes<\/h1>\r\n                    <\/div>\r\n    <\/div> \r\n<\/div>\t\t\t\t<\/div>\n\t\t\t\t<\/div>\n\t\t\t\t<div class=\"elementor-element elementor-element-da73e1b elementor-widget elementor-widget-pxl_breadcrumb\" data-id=\"da73e1b\" data-element_type=\"widget\" data-e-type=\"widget\" data-widget_type=\"pxl_breadcrumb.default\">\n\t\t\t\t<div class=\"elementor-widget-container\">\n\t\t\t\t\t<div class=\"pxl-breadcrumb hover-underline\">\n    <div class=\"br-item\"><span class=\"br-text\" >Inicio<\/span><span class=\"br-divider\">\/<\/span><\/div><\/div>\t\t\t\t<\/div>\n\t\t\t\t<\/div>\n\t\t\t\t<div class=\"elementor-element elementor-element-71a4212 elementor-widget__width-inherit elementor-absolute elementor-widget elementor-widget-pxl_shape\" data-id=\"71a4212\" data-element_type=\"widget\" data-e-type=\"widget\" data-settings=\"{&quot;_position&quot;:&quot;absolute&quot;}\" data-widget_type=\"pxl_shape.default\">\n\t\t\t\t<div class=\"elementor-widget-container\">\n\t\t\t\t\t<div class=\"pxl-shape-wg mask\">\r\n<\/div>\r\n\t\t\t\t<\/div>\n\t\t\t\t<\/div>\n\t\t\t\t<\/div>\n\t\t\t\t<\/div>\n\t\t<div class=\"elementor-element elementor-element-4436270 e-flex e-con-boxed e-con e-parent\" data-id=\"4436270\" data-element_type=\"container\" data-e-type=\"container\">\n\t\t\t\t\t\t\t<div class=\"e-con-inner\">\n\t\t<div class=\"elementor-element elementor-element-ed88493 e-con-full e-flex e-con e-child\" data-id=\"ed88493\" data-element_type=\"container\" data-e-type=\"container\">\n\t\t\t\t\t\t<div class=\"elementor-element elementor-element-e67f0b4 elementor-widget elementor-widget-pxl_accordion\" data-id=\"e67f0b4\" data-element_type=\"widget\" data-e-type=\"widget\" data-widget_type=\"pxl_accordion.default\">\n\t\t\t\t<div class=\"elementor-widget-container\">\n\t\t\t\t\t    <div id=\"pxl_accordion-e67f0b4-7264\" class=\"pxl-accordion style1\">\r\n                    <div class=\"ac-item active\" data-target=\"#771f65apxl_accordion-e67f0b4-7264\"> \r\n                <div class=\"ac-title-wrap\">\r\n                    <a class=\"ac-title d-flex align-items-center\">\r\n                        <span class=\"text\">\u00bfQu\u00e9 tipos de productos se pueden almacenar y distribuir?<\/span>\r\n                        <span class=\"pxl-icon\"><\/span>\r\n                    <\/a>\r\n                <\/div>\r\n                <div id=\"771f65apxl_accordion-e67f0b4-7264\" class=\"ac-content\" style=\"display:block;\">Manejamos una amplia gama de productos, incluyendo bienes de consumo, electr\u00f3nicos, ropa y art\u00edculos de cadena de fr\u00edo. Los materiales peligrosos pueden estar restringidos dependiendo de las regulaciones.<\/div>\r\n            <\/div>\r\n                    <div class=\"ac-item\" data-target=\"#c04a21apxl_accordion-e67f0b4-7264\"> \r\n                <div class=\"ac-title-wrap\">\r\n                    <a class=\"ac-title d-flex align-items-center\">\r\n                        <span class=\"text\">\u00bfHay seguro disponible?<\/span>\r\n                        <span class=\"pxl-icon\"><\/span>\r\n                    <\/a>\r\n                <\/div>\r\n                <div id=\"c04a21apxl_accordion-e67f0b4-7264\" class=\"ac-content\">Manejamos una amplia gama de productos, incluyendo bienes de consumo, electr\u00f3nicos, ropa y art\u00edculos de cadena de fr\u00edo. Los materiales peligrosos pueden estar restringidos dependiendo de las regulaciones.<\/div>\r\n            <\/div>\r\n                    <div class=\"ac-item\" data-target=\"#a943442pxl_accordion-e67f0b4-7264\"> \r\n                <div class=\"ac-title-wrap\">\r\n                    <a class=\"ac-title d-flex align-items-center\">\r\n                        <span class=\"text\">\u00bfQu\u00e9 sucede si un env\u00edo se retrasa?<\/span>\r\n                        <span class=\"pxl-icon\"><\/span>\r\n                    <\/a>\r\n                <\/div>\r\n                <div id=\"a943442pxl_accordion-e67f0b4-7264\" class=\"ac-content\">Manejamos una amplia gama de productos, incluyendo bienes de consumo, electr\u00f3nicos, ropa y art\u00edculos de cadena de fr\u00edo. Los materiales peligrosos pueden estar restringidos dependiendo de las regulaciones.<\/div>\r\n            <\/div>\r\n                    <div class=\"ac-item\" data-target=\"#dd60f14pxl_accordion-e67f0b4-7264\"> \r\n                <div class=\"ac-title-wrap\">\r\n                    <a class=\"ac-title d-flex align-items-center\">\r\n                        <span class=\"text\">\u00bfLas instalaciones incluyen almacenamiento con control de temperatura?<\/span>\r\n                        <span class=\"pxl-icon\"><\/span>\r\n                    <\/a>\r\n                <\/div>\r\n                <div id=\"dd60f14pxl_accordion-e67f0b4-7264\" class=\"ac-content\">Manejamos una amplia gama de productos, incluyendo bienes de consumo, electr\u00f3nicos, ropa y art\u00edculos de cadena de fr\u00edo. Los materiales peligrosos pueden estar restringidos dependiendo de las regulaciones.<\/div>\r\n            <\/div>\r\n                    <div class=\"ac-item\" data-target=\"#20c1213pxl_accordion-e67f0b4-7264\"> \r\n                <div class=\"ac-title-wrap\">\r\n                    <a class=\"ac-title d-flex align-items-center\">\r\n                        <span class=\"text\">\u00bfQu\u00e9 tan r\u00e1pido es el proceso de incorporaci\u00f3n?<\/span>\r\n                        <span class=\"pxl-icon\"><\/span>\r\n                    <\/a>\r\n                <\/div>\r\n                <div id=\"20c1213pxl_accordion-e67f0b4-7264\" class=\"ac-content\">Manejamos una amplia gama de productos, incluyendo bienes de consumo, electr\u00f3nicos, ropa y art\u00edculos de cadena de fr\u00edo. Los materiales peligrosos pueden estar restringidos dependiendo de las regulaciones.<\/div>\r\n            <\/div>\r\n            <\/div>\r\n\t\t\t\t<\/div>\n\t\t\t\t<\/div>\n\t\t\t\t<\/div>\n\t\t\t\t\t<\/div>\n\t\t\t\t<\/div>\n\t\t\t\t<\/div>","protected":false},"excerpt":{"rendered":"<p>FAQs Home\/ What types of products can be stored and distributed? We handle a wide range of goods, including consumer products, electronics, apparel, and cold chain items. Hazardous materials may be restricted depending on regulations. Is insurance available? We handle a wide range of goods, including consumer products, electronics, apparel, and cold chain items. Hazardous [&hellip;]<\/p>\n","protected":false},"author":1,"featured_media":0,"parent":0,"menu_order":0,"comment_status":"closed","ping_status":"closed","template":"","meta":{"footnotes":""},"class_list":["post-593","page","type-page","status-publish","hentry"],"_links":{"self":[{"href":"https:\/\/tuf-international.com\/es\/wp-json\/wp\/v2\/pages\/593","targetHints":{"allow":["GET"]}}],"collection":[{"href":"https:\/\/tuf-international.com\/es\/wp-json\/wp\/v2\/pages"}],"about":[{"href":"https:\/\/tuf-international.com\/es\/wp-json\/wp\/v2\/types\/page"}],"author":[{"embeddable":true,"href":"https:\/\/tuf-international.com\/es\/wp-json\/wp\/v2\/users\/1"}],"replies":[{"embeddable":true,"href":"https:\/\/tuf-international.com\/es\/wp-json\/wp\/v2\/comments?post=593"}],"version-history":[{"count":0,"href":"https:\/\/tuf-international.com\/es\/wp-json\/wp\/v2\/pages\/593\/revisions"}],"wp:attachment":[{"href":"https:\/\/tuf-international.com\/es\/wp-json\/wp\/v2\/media?parent=593"}],"curies":[{"name":"wp","href":"https:\/\/api.w.org\/{rel}","templated":true}]}}