{"id":1232,"date":"2025-10-23T07:19:56","date_gmt":"2025-10-23T07:19:56","guid":{"rendered":"https:\/\/demo.7iquid.com\/apexus\/?page_id=1232"},"modified":"2026-03-25T06:16:24","modified_gmt":"2026-03-25T06:16:24","slug":"red-de-servicios","status":"publish","type":"page","link":"https:\/\/tuf-international.com\/es\/services-grid\/","title":{"rendered":"Servicios"},"content":{"rendered":"<div data-elementor-type=\"wp-page\" data-elementor-id=\"1232\" class=\"elementor elementor-1232\">\n\t\t\t\t<div class=\"elementor-element elementor-element-81cfd85 e-flex e-con-boxed e-con e-parent\" data-id=\"81cfd85\" data-element_type=\"container\" data-e-type=\"container\">\n\t\t\t\t\t\t\t<div class=\"e-con-inner\">\n\t\t<div class=\"elementor-element elementor-element-81519e7 e-con-full e-flex e-con e-child\" data-id=\"81519e7\" data-element_type=\"container\" data-e-type=\"container\">\n\t\t\t\t<div class=\"elementor-element elementor-element-65d8d59 e-con-full e-flex e-con e-child\" data-id=\"65d8d59\" data-element_type=\"container\" data-e-type=\"container\">\n\t\t\t\t<div class=\"elementor-element elementor-element-bbee4c8 e-con-full e-flex e-con e-child\" data-id=\"bbee4c8\" data-element_type=\"container\" data-e-type=\"container\">\n\t\t\t\t\t\t<div class=\"pxl-border-wg-anm elementor-element elementor-element-27dede5 elementor-widget__width-auto elementor-widget elementor-widget-pxl_divider\" data-id=\"27dede5\" data-element_type=\"widget\" data-e-type=\"widget\" data-widget_type=\"pxl_divider.default\">\n\t\t\t\t<div class=\"elementor-widget-container\">\n\t\t\t\t\t<div class=\"pxl-border-animated num-1\">\r\n        <div class=\"pxl-border-anm bt w-100  bw-no\" style=\"--bd-width: 0px 0 0 0; border-style: solid; border-color: #2458F6;\"><\/div>\r\n        <div class=\"pxl-border-anm br h-100  bw-no\" style=\"--bd-width: 0 0px 0 0; border-style: solid; border-color: #2458F6;\"><\/div>\r\n        <div class=\"pxl-border-anm bb w-100  bw-no\" style=\"--bd-width: 0 0 0px 0; border-style: solid; border-color: #2458F6;\"><\/div>\r\n        <div class=\"pxl-border-anm bl h-100  bw-yes\" style=\"--bd-width: 0 0 0 2px; border-style: solid; border-color: #2458F6;\"><\/div>\r\n        <\/div>\n<div class=\"pxl-widget-divider\">\n\t<div class=\"pxl-divider\">\n\t<\/div>\n<\/div>\t\t\t\t<\/div>\n\t\t\t\t<\/div>\n\t\t\t\t<div class=\"elementor-element elementor-element-cafbb14 elementor-widget elementor-widget-pxl_text_editor\" data-id=\"cafbb14\" data-element_type=\"widget\" data-e-type=\"widget\" data-widget_type=\"pxl_text_editor.default\">\n\t\t\t\t<div class=\"elementor-widget-container\">\n\t\t\t\t\t<div id=\"pxl_text_editor-cafbb14-4290\" class=\"pxl-text-editor-wrap d-flex\" >\n\t<div class=\"pxl-text-editor elementor-clearfix pxl-split-text split-in-right\">\n\t\t<p>Soluciones<\/p>\t\t\n\t<\/div>\n<\/div>\t\t\t\t<\/div>\n\t\t\t\t<\/div>\n\t\t\t\t<\/div>\n\t\t\t\t<div class=\"elementor-element elementor-element-cf1e595 elementor-widget elementor-widget-pxl_heading\" data-id=\"cf1e595\" data-element_type=\"widget\" data-e-type=\"widget\" data-widget_type=\"pxl_heading.default\">\n\t\t\t\t<div class=\"elementor-widget-container\">\n\t\t\t\t\t<div id=\"pxl-pxl_heading-cf1e595-8613\" class=\"pxl-heading-wrap d-flex\">\n    <div class=\"pxl-heading-inner\" >\n        <h1 class=\"heading-title pxl-split-text split-in-right\">\n            Industrias Atendidas                    <\/h1>\n            <\/div>\n<\/div>\n\n\t\t\t\t<\/div>\n\t\t\t\t<\/div>\n\t\t\t\t<\/div>\n\t\t<div class=\"elementor-element elementor-element-72294c1 e-con-full e-flex e-con e-child\" data-id=\"72294c1\" data-element_type=\"container\" data-e-type=\"container\">\n\t\t\t\t\t\t<div class=\"elementor-element elementor-element-8e33fd0 elementor-widget elementor-widget-pxl_services_list\" data-id=\"8e33fd0\" data-element_type=\"widget\" data-e-type=\"widget\" data-widget_type=\"pxl_services_list.default\">\n\t\t\t\t<div class=\"elementor-widget-container\">\n\t\t\t\t\t    <div class=\"pxl-services-list layout-1\">\r\n                    <div class=\"item-inner relative row\">\r\n                <div class=\"box-image col-5\">\r\n                                            <div class=\"item-image col-auto\">\r\n                            <img fetchpriority=\"high\" decoding=\"async\" class=\"no-lazyload\" src=\"https:\/\/tuf-international.com\/wp-content\/uploads\/2026\/03\/imgi_2_industry-energy-1-scaled-526x400.webp\" width=\"526\" height=\"400\" alt=\"Inspecci\u00f3n de buceo comercial en instalaci\u00f3n de energ\u00eda industrial \u2014 TUF International\" title=\"imgi_2_industria-energ\u00eda\" \/>                            <span class=\"item-number\">01<\/span>\r\n                        <\/div>\r\n                                    <\/div>\r\n                <div class=\"col-7\">\r\n                    <div class=\"box-content\">\r\n                        <div class=\"item-subtitle\">Seguro, protegido y escalable<\/div> \r\n                        <div class=\"title-des\">\r\n                            <h5 class=\"item-title\">Industria y Energ\u00eda<\/h5>\r\n                            <div class=\"item-description\">Nuestros buzos realizan inspecciones, mantenimiento y reparaciones en infraestructuras cr\u00edticas de los sectores industrial y energ\u00e9tico, de forma fiable y precisa.<\/div>  \r\n                        <\/div>\r\n                    <\/div>\r\n                <\/div>\r\n            <\/div>\r\n                    <div class=\"item-inner relative row\">\r\n                <div class=\"box-image col-5\">\r\n                                            <div class=\"item-image col-auto\">\r\n                            <img decoding=\"async\" class=\"no-lazyload\" src=\"https:\/\/tuf-international.com\/wp-content\/uploads\/2026\/03\/imgi_3_civil-engineering-526x400.webp\" width=\"526\" height=\"400\" alt=\"Soporte de buceo de ingenier\u00eda civil subacu\u00e1tica en infraestructura de t\u00faneles presurizados \u2014 TUF International\" title=\"imgi_3_ingenier\u00eda civil\" \/>                            <span class=\"item-number\">02<\/span>\r\n                        <\/div>\r\n                                    <\/div>\r\n                <div class=\"col-7\">\r\n                    <div class=\"box-content\">\r\n                        <div class=\"item-subtitle\"><\/div> \r\n                        <div class=\"title-des\">\r\n                            <h5 class=\"item-title\">Ingenier\u00eda Civil e Infraestructura<\/h5>\r\n                            <div class=\"item-description\">Brindamos soporte para trabajos subacu\u00e1ticos complejos en proyectos de ingenier\u00eda estructural y civil, incluso en condiciones extremas como nula visibilidad o ambientes presurizados.<\/div>  \r\n                        <\/div>\r\n                    <\/div>\r\n                <\/div>\r\n            <\/div>\r\n                    <div class=\"item-inner relative row\">\r\n                <div class=\"box-image col-5\">\r\n                                            <div class=\"item-image col-auto\">\r\n                            <img decoding=\"async\" class=\"no-lazyload\" src=\"https:\/\/tuf-international.com\/wp-content\/uploads\/2026\/03\/imgi_4_water-wastewater-526x400.webp\" width=\"526\" height=\"400\" alt=\"Contratista de buceo para servicios p\u00fablicos de agua y aguas residuales \u2014 Inspecci\u00f3n de planta de tratamiento TUF International\" title=\"imgi_4_agua-aguas residuales\" \/>                            <span class=\"item-number\">03<\/span>\r\n                        <\/div>\r\n                                    <\/div>\r\n                <div class=\"col-7\">\r\n                    <div class=\"box-content\">\r\n                        <div class=\"item-subtitle\"><\/div> \r\n                        <div class=\"title-des\">\r\n                            <h5 class=\"item-title\">Servicios de agua y aguas residuales<\/h5>\r\n                            <div class=\"item-description\">Realizamos trabajos de buceo en plantas de tratamiento de aguas residuales y sistemas de agua potable, incluyendo inspecciones, limpieza y reparaciones en entornos de dif\u00edcil acceso o contaminados.<\/div>  \r\n                        <\/div>\r\n                    <\/div>\r\n                <\/div>\r\n            <\/div>\r\n                    <div class=\"item-inner relative row\">\r\n                <div class=\"box-image col-5\">\r\n                                            <div class=\"item-image col-auto\">\r\n                            <img loading=\"lazy\" decoding=\"async\" class=\"no-lazyload\" src=\"https:\/\/tuf-international.com\/wp-content\/uploads\/2026\/03\/imgi_5_chemical-facility-scaled-526x400.webp\" width=\"526\" height=\"400\" alt=\"Servicios de buceo en instalaciones qu\u00edmicas \u2014 Inspecci\u00f3n y mantenimiento submarinos TUF International para plantas industriales\" title=\"instalaci\u00f3n-qu\u00edmica\" \/>                            <span class=\"item-number\">04<\/span>\r\n                        <\/div>\r\n                                    <\/div>\r\n                <div class=\"col-7\">\r\n                    <div class=\"box-content\">\r\n                        <div class=\"item-subtitle\"><\/div> \r\n                        <div class=\"title-des\">\r\n                            <h5 class=\"item-title\">Instalaci\u00f3n qu\u00edmica<\/h5>\r\n                            <div class=\"item-description\">Nuestros equipos certificados manejan trabajos submarinos en plantas qu\u00edmicas e industriales con un fuerte enfoque en la seguridad, el control de la contaminaci\u00f3n y el cumplimiento de las regulaciones ambientales.<\/div>  \r\n                        <\/div>\r\n                    <\/div>\r\n                <\/div>\r\n            <\/div>\r\n                    <div class=\"item-inner relative row\">\r\n                <div class=\"box-image col-5\">\r\n                                            <div class=\"item-image col-auto\">\r\n                            <img loading=\"lazy\" decoding=\"async\" class=\"no-lazyload\" src=\"https:\/\/tuf-international.com\/wp-content\/uploads\/2026\/03\/imgi_6_ports-harbor-scaled-526x400.webp\" width=\"526\" height=\"400\" alt=\"Servicios de buceo comercial portuario y de puertos \u2014 TUF International inspecci\u00f3n y reparaci\u00f3n submarina de infraestructuras marinas\" title=\"imgi_6_puertos-puerto\" \/>                            <span class=\"item-number\">05<\/span>\r\n                        <\/div>\r\n                                    <\/div>\r\n                <div class=\"col-7\">\r\n                    <div class=\"box-content\">\r\n                        <div class=\"item-subtitle\"><\/div> \r\n                        <div class=\"title-des\">\r\n                            <h5 class=\"item-title\">Puertos y bah\u00edas<\/h5>\r\n                            <div class=\"item-description\">Ofrecemos servicios de buceo para estructuras portuarias, muros de atraque, sistemas de amarre y otras infraestructuras portuarias, de forma segura y eficiente en condiciones de marea y confinamiento.<\/div>  \r\n                        <\/div>\r\n                    <\/div>\r\n                <\/div>\r\n            <\/div>\r\n            <\/div>\r\n\t\t\t\t<\/div>\n\t\t\t\t<\/div>\n\t\t\t\t<\/div>\n\t\t\t\t<\/div>\n\t\t\t\t\t<\/div>\n\t\t\t\t<\/div>\n\t\t\t\t<\/div>","protected":false},"excerpt":{"rendered":"<p>Solutions Industries Served 01 Safe, Secure, and Scalable Industry &#038; Energy Our divers carry out inspections, maintenance, and repairs on critical infrastructure in the industrial and energy sectors \u2013 reliably and precisely. 02 Civil Engineering &#038; Infrastructure We support complex underwater work in structural and civil engineering projects \u2013 even under extreme conditions like zero [&hellip;]<\/p>\n","protected":false},"author":1,"featured_media":0,"parent":0,"menu_order":0,"comment_status":"closed","ping_status":"closed","template":"","meta":{"footnotes":""},"class_list":["post-1232","page","type-page","status-publish","hentry"],"_links":{"self":[{"href":"https:\/\/tuf-international.com\/es\/wp-json\/wp\/v2\/pages\/1232","targetHints":{"allow":["GET"]}}],"collection":[{"href":"https:\/\/tuf-international.com\/es\/wp-json\/wp\/v2\/pages"}],"about":[{"href":"https:\/\/tuf-international.com\/es\/wp-json\/wp\/v2\/types\/page"}],"author":[{"embeddable":true,"href":"https:\/\/tuf-international.com\/es\/wp-json\/wp\/v2\/users\/1"}],"replies":[{"embeddable":true,"href":"https:\/\/tuf-international.com\/es\/wp-json\/wp\/v2\/comments?post=1232"}],"version-history":[{"count":13,"href":"https:\/\/tuf-international.com\/es\/wp-json\/wp\/v2\/pages\/1232\/revisions"}],"predecessor-version":[{"id":8864,"href":"https:\/\/tuf-international.com\/es\/wp-json\/wp\/v2\/pages\/1232\/revisions\/8864"}],"wp:attachment":[{"href":"https:\/\/tuf-international.com\/es\/wp-json\/wp\/v2\/media?parent=1232"}],"curies":[{"name":"wp","href":"https:\/\/api.w.org\/{rel}","templated":true}]}}