{"id":1232,"date":"2025-10-23T07:19:56","date_gmt":"2025-10-23T07:19:56","guid":{"rendered":"https:\/\/demo.7iquid.com\/apexus\/?page_id=1232"},"modified":"2026-03-25T06:16:24","modified_gmt":"2026-03-25T06:16:24","slug":"dienstleistungs-grid","status":"publish","type":"page","link":"https:\/\/tuf-international.com\/de\/services-grid\/","title":{"rendered":"Dienstleistungen"},"content":{"rendered":"<div data-elementor-type=\"wp-page\" data-elementor-id=\"1232\" class=\"elementor elementor-1232\">\n\t\t\t\t<div class=\"elementor-element elementor-element-81cfd85 e-flex e-con-boxed e-con e-parent\" data-id=\"81cfd85\" data-element_type=\"container\" data-e-type=\"container\">\n\t\t\t\t\t\t\t<div class=\"e-con-inner\">\n\t\t<div class=\"elementor-element elementor-element-81519e7 e-con-full e-flex e-con e-child\" data-id=\"81519e7\" data-element_type=\"container\" data-e-type=\"container\">\n\t\t\t\t<div class=\"elementor-element elementor-element-65d8d59 e-con-full e-flex e-con e-child\" data-id=\"65d8d59\" data-element_type=\"container\" data-e-type=\"container\">\n\t\t\t\t<div class=\"elementor-element elementor-element-bbee4c8 e-con-full e-flex e-con e-child\" data-id=\"bbee4c8\" data-element_type=\"container\" data-e-type=\"container\">\n\t\t\t\t\t\t<div class=\"pxl-border-wg-anm elementor-element elementor-element-27dede5 elementor-widget__width-auto elementor-widget elementor-widget-pxl_divider\" data-id=\"27dede5\" data-element_type=\"widget\" data-e-type=\"widget\" data-widget_type=\"pxl_divider.default\">\n\t\t\t\t<div class=\"elementor-widget-container\">\n\t\t\t\t\t<div class=\"pxl-border-animated num-1\">\r\n        <div class=\"pxl-border-anm bt w-100  bw-no\" style=\"--bd-width: 0px 0 0 0; border-style: solid; border-color: #2458F6;\"><\/div>\r\n        <div class=\"pxl-border-anm br h-100  bw-no\" style=\"--bd-width: 0 0px 0 0; border-style: solid; border-color: #2458F6;\"><\/div>\r\n        <div class=\"pxl-border-anm bb w-100  bw-no\" style=\"--bd-width: 0 0 0px 0; border-style: solid; border-color: #2458F6;\"><\/div>\r\n        <div class=\"pxl-border-anm bl h-100  bw-yes\" style=\"--bd-width: 0 0 0 2px; border-style: solid; border-color: #2458F6;\"><\/div>\r\n        <\/div>\n<div class=\"pxl-widget-divider\">\n\t<div class=\"pxl-divider\">\n\t<\/div>\n<\/div>\t\t\t\t<\/div>\n\t\t\t\t<\/div>\n\t\t\t\t<div class=\"elementor-element elementor-element-cafbb14 elementor-widget elementor-widget-pxl_text_editor\" data-id=\"cafbb14\" data-element_type=\"widget\" data-e-type=\"widget\" data-widget_type=\"pxl_text_editor.default\">\n\t\t\t\t<div class=\"elementor-widget-container\">\n\t\t\t\t\t<div id=\"pxl_text_editor-cafbb14-4016\" class=\"pxl-text-editor-wrap d-flex\" >\n\t<div class=\"pxl-text-editor elementor-clearfix pxl-split-text split-in-right\">\n\t\t<p>L\u00f6sungen<\/p>\t\t\n\t<\/div>\n<\/div>\t\t\t\t<\/div>\n\t\t\t\t<\/div>\n\t\t\t\t<\/div>\n\t\t\t\t<div class=\"elementor-element elementor-element-cf1e595 elementor-widget elementor-widget-pxl_heading\" data-id=\"cf1e595\" data-element_type=\"widget\" data-e-type=\"widget\" data-widget_type=\"pxl_heading.default\">\n\t\t\t\t<div class=\"elementor-widget-container\">\n\t\t\t\t\t<div id=\"pxl-pxl_heading-cf1e595-7511\" class=\"pxl-heading-wrap d-flex\">\n    <div class=\"pxl-heading-inner\" >\n        <h1 class=\"heading-title pxl-split-text split-in-right\">\n            Bediente Branchen                    <\/h1>\n            <\/div>\n<\/div>\n\n\t\t\t\t<\/div>\n\t\t\t\t<\/div>\n\t\t\t\t<\/div>\n\t\t<div class=\"elementor-element elementor-element-72294c1 e-con-full e-flex e-con e-child\" data-id=\"72294c1\" data-element_type=\"container\" data-e-type=\"container\">\n\t\t\t\t\t\t<div class=\"elementor-element elementor-element-8e33fd0 elementor-widget elementor-widget-pxl_services_list\" data-id=\"8e33fd0\" data-element_type=\"widget\" data-e-type=\"widget\" data-widget_type=\"pxl_services_list.default\">\n\t\t\t\t<div class=\"elementor-widget-container\">\n\t\t\t\t\t    <div class=\"pxl-services-list layout-1\">\r\n                    <div class=\"item-inner relative row\">\r\n                <div class=\"box-image col-5\">\r\n                                            <div class=\"item-image col-auto\">\r\n                            <img fetchpriority=\"high\" decoding=\"async\" class=\"no-lazyload\" src=\"https:\/\/tuf-international.com\/wp-content\/uploads\/2026\/03\/imgi_2_industry-energy-1-scaled-526x400.webp\" width=\"526\" height=\"400\" alt=\"Gewerbliche Tauchinspektion in einer industriellen Energieanlage \u2014 TUF International\" title=\"imgi_2_Industrie-Energie\" \/>                            <span class=\"item-number\">01<\/span>\r\n                        <\/div>\r\n                                    <\/div>\r\n                <div class=\"col-7\">\r\n                    <div class=\"box-content\">\r\n                        <div class=\"item-subtitle\">Sicher, gesch\u00fctzt und skalierbar<\/div> \r\n                        <div class=\"title-des\">\r\n                            <h5 class=\"item-title\">Industrie und Energie<\/h5>\r\n                            <div class=\"item-description\">Unsere Taucher f\u00fchren Inspektionen, Wartungen und Reparaturen an kritischen Infrastrukturen im Industrie- und Energiesektor durch \u2013 zuverl\u00e4ssig und pr\u00e4zise.<\/div>  \r\n                        <\/div>\r\n                    <\/div>\r\n                <\/div>\r\n            <\/div>\r\n                    <div class=\"item-inner relative row\">\r\n                <div class=\"box-image col-5\">\r\n                                            <div class=\"item-image col-auto\">\r\n                            <img decoding=\"async\" class=\"no-lazyload\" src=\"https:\/\/tuf-international.com\/wp-content\/uploads\/2026\/03\/imgi_3_civil-engineering-526x400.webp\" width=\"526\" height=\"400\" alt=\"Unterwasser-Bauingenieurwesen Tauchunterst\u00fctzung in druckbeaufschlagten Tunnelbauwerken \u2014 TUF International\" title=\"imgi_3_bauingenieurwesen\" \/>                            <span class=\"item-number\">02<\/span>\r\n                        <\/div>\r\n                                    <\/div>\r\n                <div class=\"col-7\">\r\n                    <div class=\"box-content\">\r\n                        <div class=\"item-subtitle\"><\/div> \r\n                        <div class=\"title-des\">\r\n                            <h5 class=\"item-title\">Tiefbau und Infrastruktur<\/h5>\r\n                            <div class=\"item-description\">Wir unterst\u00fctzen komplexe Unterwasserarbeiten bei Hoch- und Tiefbauprojekten - auch unter extremen Bedingungen wie Null-Sicht oder unter Druck stehend.<\/div>  \r\n                        <\/div>\r\n                    <\/div>\r\n                <\/div>\r\n            <\/div>\r\n                    <div class=\"item-inner relative row\">\r\n                <div class=\"box-image col-5\">\r\n                                            <div class=\"item-image col-auto\">\r\n                            <img decoding=\"async\" class=\"no-lazyload\" src=\"https:\/\/tuf-international.com\/wp-content\/uploads\/2026\/03\/imgi_4_water-wastewater-526x400.webp\" width=\"526\" height=\"400\" alt=\"Wasser- und Abwasserversorgungsunternehmen Tauchunternehmer \u2013 TUF International Kl\u00e4ranlageninspektion\" title=\"imgi_4_wasser-abwasser\" \/>                            <span class=\"item-number\">03<\/span>\r\n                        <\/div>\r\n                                    <\/div>\r\n                <div class=\"col-7\">\r\n                    <div class=\"box-content\">\r\n                        <div class=\"item-subtitle\"><\/div> \r\n                        <div class=\"title-des\">\r\n                            <h5 class=\"item-title\">Wasser- und Abwasserversorgung<\/h5>\r\n                            <div class=\"item-description\">Wir f\u00fchren Taucharbeiten in Kl\u00e4ranlagen und Trinkwassersystemen durch - einschlie\u00dflich Inspektionen, Reinigung und Reparaturen in schwer zug\u00e4nglichen oder kontaminierten Umgebungen.<\/div>  \r\n                        <\/div>\r\n                    <\/div>\r\n                <\/div>\r\n            <\/div>\r\n                    <div class=\"item-inner relative row\">\r\n                <div class=\"box-image col-5\">\r\n                                            <div class=\"item-image col-auto\">\r\n                            <img loading=\"lazy\" decoding=\"async\" class=\"no-lazyload\" src=\"https:\/\/tuf-international.com\/wp-content\/uploads\/2026\/03\/imgi_5_chemical-facility-scaled-526x400.webp\" width=\"526\" height=\"400\" alt=\"Tauchdienstleistungen f\u00fcr Chemieanlagen \u2014 TUF International Unterwasserinspektion und -wartung f\u00fcr Industrieanlagen\" title=\"imgi_5_chemische-anlage\" \/>                            <span class=\"item-number\">04<\/span>\r\n                        <\/div>\r\n                                    <\/div>\r\n                <div class=\"col-7\">\r\n                    <div class=\"box-content\">\r\n                        <div class=\"item-subtitle\"><\/div> \r\n                        <div class=\"title-des\">\r\n                            <h5 class=\"item-title\">Chemische Anlage<\/h5>\r\n                            <div class=\"item-description\">Unsere zertifizierten Teams f\u00fchren Unterwasserarbeiten in Chemie- und Industrieanlagen durch und legen dabei besonderen Wert auf Sicherheit, Kontaminationskontrolle und die Einhaltung von Umweltvorschriften.<\/div>  \r\n                        <\/div>\r\n                    <\/div>\r\n                <\/div>\r\n            <\/div>\r\n                    <div class=\"item-inner relative row\">\r\n                <div class=\"box-image col-5\">\r\n                                            <div class=\"item-image col-auto\">\r\n                            <img loading=\"lazy\" decoding=\"async\" class=\"no-lazyload\" src=\"https:\/\/tuf-international.com\/wp-content\/uploads\/2026\/03\/imgi_6_ports-harbor-scaled-526x400.webp\" width=\"526\" height=\"400\" alt=\"Hafen- und Umschlag-Industrietaucherei \u2014 TUF International Unterwasserinspektion und -reparatur f\u00fcr maritime Infrastruktur\" title=\"imgi_6_h\u00e4fen-hafen\" \/>                            <span class=\"item-number\">05<\/span>\r\n                        <\/div>\r\n                                    <\/div>\r\n                <div class=\"col-7\">\r\n                    <div class=\"box-content\">\r\n                        <div class=\"item-subtitle\"><\/div> \r\n                        <div class=\"title-des\">\r\n                            <h5 class=\"item-title\">H\u00e4fen und Hafen<\/h5>\r\n                            <div class=\"item-description\">Wir bieten Tauchdienste f\u00fcr Hafenstrukturen, Kaimauern, Verankerungssysteme und andere Hafeninfrastrukturen an - sicher und effizient bei Gezeiten und unter beengten Verh\u00e4ltnissen.<\/div>  \r\n                        <\/div>\r\n                    <\/div>\r\n                <\/div>\r\n            <\/div>\r\n            <\/div>\r\n\t\t\t\t<\/div>\n\t\t\t\t<\/div>\n\t\t\t\t<\/div>\n\t\t\t\t<\/div>\n\t\t\t\t\t<\/div>\n\t\t\t\t<\/div>\n\t\t\t\t<\/div>","protected":false},"excerpt":{"rendered":"<p>Solutions Industries Served 01 Safe, Secure, and Scalable Industry &#038; Energy Our divers carry out inspections, maintenance, and repairs on critical infrastructure in the industrial and energy sectors \u2013 reliably and precisely. 02 Civil Engineering &#038; Infrastructure We support complex underwater work in structural and civil engineering projects \u2013 even under extreme conditions like zero [&hellip;]<\/p>\n","protected":false},"author":1,"featured_media":0,"parent":0,"menu_order":0,"comment_status":"closed","ping_status":"closed","template":"","meta":{"footnotes":""},"class_list":["post-1232","page","type-page","status-publish","hentry"],"_links":{"self":[{"href":"https:\/\/tuf-international.com\/de\/wp-json\/wp\/v2\/pages\/1232","targetHints":{"allow":["GET"]}}],"collection":[{"href":"https:\/\/tuf-international.com\/de\/wp-json\/wp\/v2\/pages"}],"about":[{"href":"https:\/\/tuf-international.com\/de\/wp-json\/wp\/v2\/types\/page"}],"author":[{"embeddable":true,"href":"https:\/\/tuf-international.com\/de\/wp-json\/wp\/v2\/users\/1"}],"replies":[{"embeddable":true,"href":"https:\/\/tuf-international.com\/de\/wp-json\/wp\/v2\/comments?post=1232"}],"version-history":[{"count":13,"href":"https:\/\/tuf-international.com\/de\/wp-json\/wp\/v2\/pages\/1232\/revisions"}],"predecessor-version":[{"id":8864,"href":"https:\/\/tuf-international.com\/de\/wp-json\/wp\/v2\/pages\/1232\/revisions\/8864"}],"wp:attachment":[{"href":"https:\/\/tuf-international.com\/de\/wp-json\/wp\/v2\/media?parent=1232"}],"curies":[{"name":"wp","href":"https:\/\/api.w.org\/{rel}","templated":true}]}}